{"id":27439,"date":"2021-01-21T16:10:07","date_gmt":"2021-01-21T16:10:07","guid":{"rendered":"https:\/\/edition-zefiro.com\/index.php\/product\/the-medieval-collection-ed-larry-bernstein\/"},"modified":"2025-09-10T13:42:02","modified_gmt":"2025-09-10T13:42:02","slug":"medieval-collection-a2-a3-a4-dol116","status":"publish","type":"product","link":"https:\/\/edition-zefiro.com\/product\/medieval-collection-a2-a3-a4-dol116\/","title":{"rendered":"The Medieval Collection \u00e02, \u00e03 and \u00e04"},"content":{"rendered":"<p>Probably the best introduction on the market to a period of music that can be intimidating at times. In 3 parts, 2 parts and one 4 part (<em>Alarme Alarme<\/em>) mainly for altos and tenors.<\/p>\n<blockquote><p>This little anthology is intended to provide an easy introduction to the sometimes inscrutable world of medieval music. \u00a0I have included pieces in many forms, both sacred and secular, from the early 13th century to the end of the 15th (whether Agricola really counts as a medieval composer is debatable, but you have to stop somewhere).<\/p><\/blockquote>\n<p>(Extract from ye editor&#8217;s note)<br \/>\n[row] [column size=&#8221;col-6&#8243;]<\/p>\n<ol>\n<li><em>Alle Psallite<\/em> (Anon c.13)<\/li>\n<li><em>Pucelotte<\/em> (Anon c.13)<\/li>\n<li><em>Beata Viscera<\/em> (Anon c.13)<\/li>\n<li><em>Or Est Baiars<\/em> (Adam de la Halle)<\/li>\n<li><em>Je Muir<\/em> (Adam de la Halle)<\/li>\n<li><em>Mout Me Fut\/Robin m,aime\/Portare<\/em> (Adam de la Halle)<\/li>\n<li><em>Ogni Balletto<\/em> (Magister Piero fl. 1350)<\/li>\n<li><em>Sanz Cuer m&#8217;en Vois<\/em> (Guillaume de Machaut 1300-1377)<\/li>\n<li><em>Ce Qui Soustient<\/em> (Guillaume de Machaut)<\/li>\n<li><em>Donnez, Seigneurs<\/em> (Guillaume de Machaut)<\/li>\n<li><em>Doulz Amis<\/em> (Guillaume de Machaut)<\/li>\n<li><em>Alarme, Alarme<\/em> (Grimace fl. 1350)<\/li>\n<li><em>La Dolce Vita<\/em> (Francesco Landini c.1325-1397)<\/li>\n<\/ol>\n<p>[\/column] [column size=&#8221;col-6&#8243;]<\/p>\n<ol start=\"14\">\n<li><em>Cos\u00ec Pensoso<\/em> (Francesco Landini)<\/li>\n<li><em>La Bionda Tre\u00e7\u00e7a<\/em> (Francesco Landini)<\/li>\n<li><em>Quale Le\u00e7e Move<\/em> (Anon)<\/li>\n<li><em>O Virgo Splendens<\/em> (Anon, Spanish c.14)<\/li>\n<li><em>Fr\u00f6lich Geschray<\/em> (Oswald von Wolkenstein 1337-1445)<\/li>\n<li><em>Die Mynne F\u00fcget Niemand<\/em> (Oswald von Wolkenstein)<\/li>\n<li><em>Me Lyketh Ever<\/em> (Anon c.14)<\/li>\n<li><em>Ave Maria<\/em> (Anon c.15)<\/li>\n<li><em>Quam Pulchra Es<\/em> (John Dunstable d.1453)<\/li>\n<li><em>D&#8217;un Alutre Amer<\/em> (Johannes Ockeghem 1410-1497)<\/li>\n<li><em>Da Pacem<\/em> (Alexander Agricola 1446-1506)<\/li>\n<li><em>Here<\/em> (Anon c.13)<\/li>\n<\/ol>\n<p>[\/column] [\/row]<\/p>\n","protected":false},"excerpt":{"rendered":"<p>Catalogue no. #DOL116<\/p>\n<h3>24 pieces from the 13th &#8211; 15th centuries for 2-3 recorders<\/h3>\n<p>3 part, 2 part (one 4 part) Print format: playing score<br \/>\nComposers: Various including Adam de la Halle, Guillaume de Machaut, Francesco Landini, Grimace, Magister Piero, John Dunstable, Johannes Ockeghem, Alexander Agricola<br \/>\nnationality varied: era Medieval<br \/>\nEditor: Larry Bernstein<\/p>\n","protected":false},"featured_media":27101,"template":"","meta":{"_monsterinsights_skip_tracking":false,"_monsterinsights_sitenote_active":false,"_monsterinsights_sitenote_note":"","_monsterinsights_sitenote_category":0,"_genesis_hide_title":false,"_genesis_hide_breadcrumbs":false,"_genesis_hide_singular_image":false,"_genesis_hide_footer_widgets":false,"_genesis_custom_body_class":"","_genesis_custom_post_class":"","_genesis_layout":""},"product_brand":[],"product_cat":[273],"product_tag":[615,676,711,617,1422,1423,611,700,870,644,613,689,1075,661],"class_list":{"0":"post-27439","1":"product","2":"type-product","3":"status-publish","4":"has-post-thumbnail","6":"product_cat-instrumental-music","7":"product_tag-part-03","8":"product_tag-composer-adam-de-la-halle","9":"product_tag-composer-alexander-agricola","10":"product_tag-form-ballata","11":"product_tag-education","12":"product_tag-ensemble","13":"product_tag-composer-francesco-landini","14":"product_tag-composer-guillaume-de-machaut","15":"product_tag-composer-johannes-ockeghem","16":"product_tag-composer-john-dunstable","17":"product_tag-medieval","18":"product_tag-form-motet","19":"product_tag-edition-dol","20":"product_tag-rondeau","21":"entry","23":"first","24":"instock","25":"purchasable","26":"product-type-variable","27":"has-default-attributes"},"yoast_head":"<!-- This site is optimized with the Yoast SEO plugin v27.3 - https:\/\/yoast.com\/product\/yoast-seo-wordpress\/ -->\n<title>The Medieval Collection \u00e02, \u00e03 and \u00e04 - Edition Zefiro<\/title>\n<meta name=\"description\" content=\"An excellent introduction to a period of music that can be intimidating. In 2,3 and 4 parts. 4 part (Alarme Alarme). Mostly for alto and tenor recorders.\" \/>\n<meta name=\"robots\" content=\"index, follow, max-snippet:-1, max-image-preview:large, max-video-preview:-1\" \/>\n<link rel=\"canonical\" href=\"https:\/\/edition-zefiro.com\/product\/medieval-collection-a2-a3-a4-dol116\/\" \/>\n<meta property=\"og:locale\" content=\"en_GB\" \/>\n<meta property=\"og:type\" content=\"article\" \/>\n<meta property=\"og:title\" content=\"The Medieval Collection \u00e02, \u00e03 and \u00e04 - Edition Zefiro\" \/>\n<meta property=\"og:description\" content=\"An excellent introduction to a period of music that can be intimidating. In 2,3 and 4 parts. 4 part (Alarme Alarme). Mostly for alto and tenor recorders.\" \/>\n<meta property=\"og:url\" content=\"https:\/\/edition-zefiro.com\/product\/medieval-collection-a2-a3-a4-dol116\/\" \/>\n<meta property=\"og:site_name\" content=\"Edition Zefiro\" \/>\n<meta property=\"article:modified_time\" content=\"2025-09-10T13:42:02+00:00\" \/>\n<meta property=\"og:image\" content=\"https:\/\/edition-zefiro.com\/wp-content\/uploads\/2020\/12\/DOL116-02.png\" \/>\n\t<meta property=\"og:image:width\" content=\"800\" \/>\n\t<meta property=\"og:image:height\" content=\"1132\" \/>\n\t<meta property=\"og:image:type\" content=\"image\/png\" \/>\n<meta name=\"twitter:card\" content=\"summary_large_image\" \/>\n<meta name=\"twitter:label1\" content=\"Estimated reading time\" \/>\n\t<meta name=\"twitter:data1\" content=\"2 minutes\" \/>\n<script type=\"application\/ld+json\" class=\"yoast-schema-graph\">{\"@context\":\"https:\\\/\\\/schema.org\",\"@graph\":[{\"@type\":\"WebPage\",\"@id\":\"https:\\\/\\\/edition-zefiro.com\\\/product\\\/medieval-collection-a2-a3-a4-dol116\\\/\",\"url\":\"https:\\\/\\\/edition-zefiro.com\\\/product\\\/medieval-collection-a2-a3-a4-dol116\\\/\",\"name\":\"The Medieval Collection \u00e02, \u00e03 and \u00e04 - Edition Zefiro\",\"isPartOf\":{\"@id\":\"https:\\\/\\\/edition-zefiro.com\\\/#website\"},\"primaryImageOfPage\":{\"@id\":\"https:\\\/\\\/edition-zefiro.com\\\/product\\\/medieval-collection-a2-a3-a4-dol116\\\/#primaryimage\"},\"image\":{\"@id\":\"https:\\\/\\\/edition-zefiro.com\\\/product\\\/medieval-collection-a2-a3-a4-dol116\\\/#primaryimage\"},\"thumbnailUrl\":\"https:\\\/\\\/edition-zefiro.com\\\/wp-content\\\/uploads\\\/2020\\\/12\\\/DOL116-02.png\",\"datePublished\":\"2021-01-21T16:10:07+00:00\",\"dateModified\":\"2025-09-10T13:42:02+00:00\",\"description\":\"An excellent introduction to a period of music that can be intimidating. In 2,3 and 4 parts. 4 part (Alarme Alarme). Mostly for alto and tenor recorders.\",\"breadcrumb\":{\"@id\":\"https:\\\/\\\/edition-zefiro.com\\\/product\\\/medieval-collection-a2-a3-a4-dol116\\\/#breadcrumb\"},\"inLanguage\":\"en-GB\",\"potentialAction\":[{\"@type\":\"ReadAction\",\"target\":[\"https:\\\/\\\/edition-zefiro.com\\\/product\\\/medieval-collection-a2-a3-a4-dol116\\\/\"]}]},{\"@type\":\"ImageObject\",\"inLanguage\":\"en-GB\",\"@id\":\"https:\\\/\\\/edition-zefiro.com\\\/product\\\/medieval-collection-a2-a3-a4-dol116\\\/#primaryimage\",\"url\":\"https:\\\/\\\/edition-zefiro.com\\\/wp-content\\\/uploads\\\/2020\\\/12\\\/DOL116-02.png\",\"contentUrl\":\"https:\\\/\\\/edition-zefiro.com\\\/wp-content\\\/uploads\\\/2020\\\/12\\\/DOL116-02.png\",\"width\":800,\"height\":1132,\"caption\":\"The Medieval Collection \u00e02, \u00e03 and \u00e04\"},{\"@type\":\"BreadcrumbList\",\"@id\":\"https:\\\/\\\/edition-zefiro.com\\\/product\\\/medieval-collection-a2-a3-a4-dol116\\\/#breadcrumb\",\"itemListElement\":[{\"@type\":\"ListItem\",\"position\":1,\"name\":\"Home\",\"item\":\"https:\\\/\\\/edition-zefiro.com\\\/\"},{\"@type\":\"ListItem\",\"position\":2,\"name\":\"The Medieval Collection \u00e02, \u00e03 and \u00e04\"}]},{\"@type\":\"WebSite\",\"@id\":\"https:\\\/\\\/edition-zefiro.com\\\/#website\",\"url\":\"https:\\\/\\\/edition-zefiro.com\\\/\",\"name\":\"Edition Zefiro\",\"description\":\"Early music scores for sale online\",\"potentialAction\":[{\"@type\":\"SearchAction\",\"target\":{\"@type\":\"EntryPoint\",\"urlTemplate\":\"https:\\\/\\\/edition-zefiro.com\\\/?s={search_term_string}\"},\"query-input\":{\"@type\":\"PropertyValueSpecification\",\"valueRequired\":true,\"valueName\":\"search_term_string\"}}],\"inLanguage\":\"en-GB\"}]}<\/script>\n<!-- \/ Yoast SEO plugin. -->","yoast_head_json":{"title":"The Medieval Collection \u00e02, \u00e03 and \u00e04 - Edition Zefiro","description":"An excellent introduction to a period of music that can be intimidating. In 2,3 and 4 parts. 4 part (Alarme Alarme). Mostly for alto and tenor recorders.","robots":{"index":"index","follow":"follow","max-snippet":"max-snippet:-1","max-image-preview":"max-image-preview:large","max-video-preview":"max-video-preview:-1"},"canonical":"https:\/\/edition-zefiro.com\/product\/medieval-collection-a2-a3-a4-dol116\/","og_locale":"en_GB","og_type":"article","og_title":"The Medieval Collection \u00e02, \u00e03 and \u00e04 - Edition Zefiro","og_description":"An excellent introduction to a period of music that can be intimidating. In 2,3 and 4 parts. 4 part (Alarme Alarme). Mostly for alto and tenor recorders.","og_url":"https:\/\/edition-zefiro.com\/product\/medieval-collection-a2-a3-a4-dol116\/","og_site_name":"Edition Zefiro","article_modified_time":"2025-09-10T13:42:02+00:00","og_image":[{"width":800,"height":1132,"url":"https:\/\/edition-zefiro.com\/wp-content\/uploads\/2020\/12\/DOL116-02.png","type":"image\/png"}],"twitter_card":"summary_large_image","twitter_misc":{"Estimated reading time":"2 minutes"},"schema":{"@context":"https:\/\/schema.org","@graph":[{"@type":"WebPage","@id":"https:\/\/edition-zefiro.com\/product\/medieval-collection-a2-a3-a4-dol116\/","url":"https:\/\/edition-zefiro.com\/product\/medieval-collection-a2-a3-a4-dol116\/","name":"The Medieval Collection \u00e02, \u00e03 and \u00e04 - Edition Zefiro","isPartOf":{"@id":"https:\/\/edition-zefiro.com\/#website"},"primaryImageOfPage":{"@id":"https:\/\/edition-zefiro.com\/product\/medieval-collection-a2-a3-a4-dol116\/#primaryimage"},"image":{"@id":"https:\/\/edition-zefiro.com\/product\/medieval-collection-a2-a3-a4-dol116\/#primaryimage"},"thumbnailUrl":"https:\/\/edition-zefiro.com\/wp-content\/uploads\/2020\/12\/DOL116-02.png","datePublished":"2021-01-21T16:10:07+00:00","dateModified":"2025-09-10T13:42:02+00:00","description":"An excellent introduction to a period of music that can be intimidating. In 2,3 and 4 parts. 4 part (Alarme Alarme). Mostly for alto and tenor recorders.","breadcrumb":{"@id":"https:\/\/edition-zefiro.com\/product\/medieval-collection-a2-a3-a4-dol116\/#breadcrumb"},"inLanguage":"en-GB","potentialAction":[{"@type":"ReadAction","target":["https:\/\/edition-zefiro.com\/product\/medieval-collection-a2-a3-a4-dol116\/"]}]},{"@type":"ImageObject","inLanguage":"en-GB","@id":"https:\/\/edition-zefiro.com\/product\/medieval-collection-a2-a3-a4-dol116\/#primaryimage","url":"https:\/\/edition-zefiro.com\/wp-content\/uploads\/2020\/12\/DOL116-02.png","contentUrl":"https:\/\/edition-zefiro.com\/wp-content\/uploads\/2020\/12\/DOL116-02.png","width":800,"height":1132,"caption":"The Medieval Collection \u00e02, \u00e03 and \u00e04"},{"@type":"BreadcrumbList","@id":"https:\/\/edition-zefiro.com\/product\/medieval-collection-a2-a3-a4-dol116\/#breadcrumb","itemListElement":[{"@type":"ListItem","position":1,"name":"Home","item":"https:\/\/edition-zefiro.com\/"},{"@type":"ListItem","position":2,"name":"The Medieval Collection \u00e02, \u00e03 and \u00e04"}]},{"@type":"WebSite","@id":"https:\/\/edition-zefiro.com\/#website","url":"https:\/\/edition-zefiro.com\/","name":"Edition Zefiro","description":"Early music scores for sale online","potentialAction":[{"@type":"SearchAction","target":{"@type":"EntryPoint","urlTemplate":"https:\/\/edition-zefiro.com\/?s={search_term_string}"},"query-input":{"@type":"PropertyValueSpecification","valueRequired":true,"valueName":"search_term_string"}}],"inLanguage":"en-GB"}]}},"tiered_pricing_type":"fixed","tiered_pricing_fixed_rules":[],"tiered_pricing_product_settings":{"layout":"default","base_unit_name":{"singular":null,"plural":null},"default_variation":null},"tiered_pricing_minimum_quantity":null,"tiered_pricing_roles_data":[],"tiered_pricing_percentage_rules":[],"tiered_pricing_maximum_quantity":null,"tiered_pricing_quantity_step":null,"_links":{"self":[{"href":"https:\/\/edition-zefiro.com\/wp-json\/wp\/v2\/product\/27439","targetHints":{"allow":["GET"]}}],"collection":[{"href":"https:\/\/edition-zefiro.com\/wp-json\/wp\/v2\/product"}],"about":[{"href":"https:\/\/edition-zefiro.com\/wp-json\/wp\/v2\/types\/product"}],"wp:featuredmedia":[{"embeddable":true,"href":"https:\/\/edition-zefiro.com\/wp-json\/wp\/v2\/media\/27101"}],"wp:attachment":[{"href":"https:\/\/edition-zefiro.com\/wp-json\/wp\/v2\/media?parent=27439"}],"wp:term":[{"taxonomy":"product_brand","embeddable":true,"href":"https:\/\/edition-zefiro.com\/wp-json\/wp\/v2\/product_brand?post=27439"},{"taxonomy":"product_cat","embeddable":true,"href":"https:\/\/edition-zefiro.com\/wp-json\/wp\/v2\/product_cat?post=27439"},{"taxonomy":"product_tag","embeddable":true,"href":"https:\/\/edition-zefiro.com\/wp-json\/wp\/v2\/product_tag?post=27439"}],"curies":[{"name":"wp","href":"https:\/\/api.w.org\/{rel}","templated":true}]}}